{"id":9,"date":"2020-09-12T08:08:59","date_gmt":"2020-09-12T08:08:59","guid":{"rendered":"https:\/\/fleshtronic.com\/?page_id=9"},"modified":"2021-09-18T16:20:58","modified_gmt":"2021-09-18T14:20:58","slug":"ueber-uns-cd-bestellung-andreas-mettlach-angelo-scheidig","status":"publish","type":"page","link":"https:\/\/fleshtronic.com\/?page_id=9","title":{"rendered":"\u00dcber uns"},"content":{"rendered":"\n<p class=\"has-text-align-left\" style=\"font-size:19px\"><strong>Nur 12 Monate, nachdem wir Fleshtronic wieder ins Leben gerufen haben,<\/strong><\/p>\n\n\n\n<p class=\"has-text-align-left\" style=\"font-size:19px\"><strong>Ver\u00f6ffentlichen wir unser erstes Album, dass den Titel Heaven tr\u00e4gt<\/strong>.<\/p>\n\n\n\n<p class=\"has-text-align-left\" style=\"font-size:19px\"><strong>Welches als CD oder Download erh\u00e4ltlich ist. Nun brennen wir, Angelo<\/strong><\/p>\n\n\n\n<p class=\"has-text-align-left\" style=\"font-size:19px\">&nbsp;<strong>Scheidig ( Synthesizer\/ Gitarre) und Andi Mettlach (Gesang\/Bass) darauf<\/strong><\/p>\n\n\n\n<p class=\"has-text-align-left\" style=\"font-size:19px\"><strong>Unser Erstlingswerk live zu pr\u00e4sentieren, aber Corona macht uns einen<\/strong><\/p>\n\n\n\n<p class=\"has-text-align-left\" style=\"font-size:19px\"><strong>Strich durch die Rechnung, nachdem die Zahlen wieder ansteigen.<\/strong><\/p>\n\n\n\n<p class=\"has-text-align-left\" style=\"font-size:19px\"><strong>Falls m\u00f6glich, werden wir entweder im ganz kleinen Rahmen, ohne<\/strong><\/p>\n\n\n\n<p class=\"has-text-align-left\" style=\"font-size:19px\"><strong>Begleitmusiker auftreten oder wir drehen ein live Video, welches ihr, auf<\/strong><\/p>\n\n\n\n<p class=\"has-text-align-left\" style=\"font-size:19px\"><strong>Unserer Seite `Fleshtronic.com` ansehen k\u00f6nnt, sofern wir das ordentlich Auf die Reihe kriegen&#8230;<\/strong><\/p>\n\n\n\n<p class=\"has-text-align-left\" style=\"font-size:19px\"><strong>Wir danken euch Fans und Followern f\u00fcr eure Unterst\u00fctzung, sowie<\/strong><\/p>\n\n\n\n<p class=\"has-text-align-left\" style=\"font-size:19px\"><strong>Hubert Heinrich ( Cover Art ), Silke Nievenhuis ( Fotos ) und Ramon<\/strong><\/p>\n\n\n\n<p class=\"has-text-align-left\" style=\"font-size:19px\"><strong>Creutzer ( Tonstudio ) im Besonderen, weil sie einen guten Job gemacht<\/strong><\/p>\n\n\n\n<p class=\"has-text-align-left\" style=\"font-size:19px\"><strong>Haben. Wir hoffen, dass wir euch bald Live sehen, je eher, desto besser! <\/strong><\/p>\n\n\n\n<p class=\"has-text-align-left\" style=\"font-size:19px\"><strong>Bleibt gesund!&nbsp; Angelo &amp;Andi<\/strong><\/p>\n\n\n\n<p><\/p>\n\n\n\n<div class=\"wp-block-image is-style-default\"><figure class=\"aligncenter size-large is-resized\"><img data-recalc-dims=\"1\" fetchpriority=\"high\" decoding=\"async\" data-attachment-id=\"41\" data-permalink=\"https:\/\/fleshtronic.com\/?attachment_id=41\" data-orig-file=\"https:\/\/i0.wp.com\/fleshtronic.com\/wp-content\/uploads\/2020\/09\/DSC_4370-scaled.jpg?fit=2560%2C1796&amp;ssl=1\" data-orig-size=\"2560,1796\" data-comments-opened=\"1\" data-image-meta=\"{&quot;aperture&quot;:&quot;5.6&quot;,&quot;credit&quot;:&quot;&quot;,&quot;camera&quot;:&quot;NIKON D80&quot;,&quot;caption&quot;:&quot;&quot;,&quot;created_timestamp&quot;:&quot;1584197788&quot;,&quot;copyright&quot;:&quot;&quot;,&quot;focal_length&quot;:&quot;50&quot;,&quot;iso&quot;:&quot;1600&quot;,&quot;shutter_speed&quot;:&quot;0.002&quot;,&quot;title&quot;:&quot;&quot;,&quot;orientation&quot;:&quot;1&quot;}\" data-image-title=\"DSC_4370\" data-image-description=\"\" data-image-caption=\"\" data-large-file=\"https:\/\/i0.wp.com\/fleshtronic.com\/wp-content\/uploads\/2020\/09\/DSC_4370-scaled.jpg?fit=940%2C659&amp;ssl=1\" src=\"https:\/\/i0.wp.com\/fleshtronic.com\/wp-content\/uploads\/2020\/09\/DSC_4370.jpg?resize=325%2C228&#038;ssl=1\" alt=\"\" class=\"wp-image-41\" width=\"325\" height=\"228\" srcset=\"https:\/\/i0.wp.com\/fleshtronic.com\/wp-content\/uploads\/2020\/09\/DSC_4370-scaled.jpg?resize=1024%2C718&amp;ssl=1 1024w, https:\/\/i0.wp.com\/fleshtronic.com\/wp-content\/uploads\/2020\/09\/DSC_4370-scaled.jpg?resize=300%2C210&amp;ssl=1 300w, https:\/\/i0.wp.com\/fleshtronic.com\/wp-content\/uploads\/2020\/09\/DSC_4370-scaled.jpg?resize=768%2C539&amp;ssl=1 768w, https:\/\/i0.wp.com\/fleshtronic.com\/wp-content\/uploads\/2020\/09\/DSC_4370-scaled.jpg?resize=1536%2C1077&amp;ssl=1 1536w, https:\/\/i0.wp.com\/fleshtronic.com\/wp-content\/uploads\/2020\/09\/DSC_4370-scaled.jpg?resize=2048%2C1436&amp;ssl=1 2048w, https:\/\/i0.wp.com\/fleshtronic.com\/wp-content\/uploads\/2020\/09\/DSC_4370-scaled.jpg?w=1880&amp;ssl=1 1880w\" sizes=\"(max-width: 325px) 100vw, 325px\" \/><\/figure><\/div>\n\n\n\n<p><\/p>\n\n\n\n<p class=\"has-text-align-center\" style=\"font-size:19px\"><strong>About us 12 Month after refounding FLESHTRONIC, we present\u00a0our first CD release. Our CD `Heaven`is available on several Music download Platforms or at our Lable Umburecords. Now we\u00b4re looking forward to perform our music live on Stage, when the Virus will be vanished. FLESHTRONIC are: Andi Mettlach ( Vocals and Bass ) and Angelo Scheidig ( Synthesizer and Guitar ). If possible, we want to perform a Gig in a small Club for our biggest Fans and produce a Video of this Event. We want to say Thank you to all our Fans and\u00a0Followers, especially Hubert Heinrich ( Cover Art ), Silke Niewenhuis ( Fotos ) and Ramon Creutzer ( Soundstudio ), who made a really good Job! Hope to see you soon! Stay healthy! A &amp; A<\/strong><\/p>\n\n\n\n<figure class=\"wp-block-embed is-type-wp-embed is-provider-umburecords wp-block-embed-umburecords\"><div class=\"wp-block-embed__wrapper\">\n<blockquote class=\"wp-embedded-content\" data-secret=\"jHJf5mlp2y\"><a href=\"https:\/\/umburecords.de\/produkt\/fleshtronic-triple-a-single\/\">Fleshtronic &#8211; Triple A Single<\/a><\/blockquote><iframe class=\"wp-embedded-content\" sandbox=\"allow-scripts\" security=\"restricted\" style=\"position: absolute; clip: rect(1px, 1px, 1px, 1px);\" title=\"&#8222;&lt;b&gt;Fleshtronic &lt;\/b&gt;&lt;font color=&quot;#ffffff&quot;&gt;&#8211; &lt;\/font&gt;&lt;br&gt;&lt;br&gt;Triple A Single&#8220; &#8212; UmbuRecords\" src=\"https:\/\/umburecords.de\/produkt\/fleshtronic-triple-a-single\/embed\/#?secret=jHJf5mlp2y\" data-secret=\"jHJf5mlp2y\" width=\"600\" height=\"338\" frameborder=\"0\" marginwidth=\"0\" marginheight=\"0\" scrolling=\"no\"><\/iframe>\n<\/div><\/figure>\n\n\n\n<h1 class=\"has-text-align-center has-huge-font-size wp-block-heading\"><strong><sup>New CD 20.10.20<\/sup><\/strong><\/h1>\n\n\n\n<div class=\"wp-block-group\"><div class=\"wp-block-group__inner-container is-layout-flow wp-block-group-is-layout-flow\">\n<figure class=\"wp-block-embed-wordpress wp-block-embed is-type-wp-embed is-provider-umburecords\"><div class=\"wp-block-embed__wrapper\">\n<blockquote class=\"wp-embedded-content\" data-secret=\"HPcOWLcE6F\"><a href=\"https:\/\/umburecords.de\/produkt\/fleshtronic-heaven-2\/\">Fleshtronic &#8211; Heaven<\/a><\/blockquote><iframe class=\"wp-embedded-content\" sandbox=\"allow-scripts\" security=\"restricted\" style=\"position: absolute; clip: rect(1px, 1px, 1px, 1px);\" title=\"&#8222;&lt;b&gt;Fleshtronic &lt;\/b&gt;&lt;font color=&quot;#ffffff&quot;&gt;&#8211; &lt;\/font&gt;&lt;br&gt;&lt;br&gt;Heaven&#8220; &#8212; UmbuRecords\" src=\"https:\/\/umburecords.de\/produkt\/fleshtronic-heaven-2\/embed\/#?secret=HPcOWLcE6F\" data-secret=\"HPcOWLcE6F\" width=\"600\" height=\"338\" frameborder=\"0\" marginwidth=\"0\" marginheight=\"0\" scrolling=\"no\"><\/iframe>\n<\/div><\/figure>\n\n\n\n<p><\/p>\n<\/div><\/div>\n\n\n\n<p><\/p>\n","protected":false},"excerpt":{"rendered":"<p>Nur 12 Monate, nachdem wir Fleshtronic wieder ins Leben gerufen haben, Ver\u00f6ffentlichen wir unser erstes Album, dass den Titel Heaven tr\u00e4gt. Welches als CD oder Download erh\u00e4ltlich ist. Nun brennen wir, Angelo &nbsp;Scheidig ( Synthesizer\/<span class=\"more-button\"><a href=\"https:\/\/fleshtronic.com\/?page_id=9\" class=\"more-link\">Continue reading<span class=\"screen-reader-text\">\u00dcber uns<\/span><i class=\"fa fa-angle-right\" aria-hidden=\"true\"><\/i><\/a><\/span><\/p>\n","protected":false},"author":1,"featured_media":36,"parent":0,"menu_order":0,"comment_status":"closed","ping_status":"closed","template":"","meta":{"footnotes":""},"class_list":["post-9","page","type-page","status-publish","has-post-thumbnail","hentry"],"yoast_head":"<!-- This site is optimized with the Yoast SEO plugin v27.5 - https:\/\/yoast.com\/product\/yoast-seo-wordpress\/ -->\n<title>\u00dcber uns -<\/title>\n<meta name=\"description\" content=\"MusikProjekt aus Aachen und D\u00fcren. synthie pop mit ein wenig flair f\u00fcr die 80er Jahre mit Sounds von Heute.\" \/>\n<meta name=\"robots\" content=\"index, follow, max-snippet:-1, max-image-preview:large, max-video-preview:-1\" \/>\n<link rel=\"canonical\" href=\"https:\/\/fleshtronic.com\/?page_id=9\" \/>\n<meta property=\"og:locale\" content=\"de_DE\" \/>\n<meta property=\"og:type\" content=\"article\" \/>\n<meta property=\"og:title\" content=\"\u00dcber uns -\" \/>\n<meta property=\"og:description\" content=\"MusikProjekt aus Aachen und D\u00fcren. synthie pop mit ein wenig flair f\u00fcr die 80er Jahre mit Sounds von Heute.\" \/>\n<meta property=\"og:url\" content=\"https:\/\/fleshtronic.com\/?page_id=9\" \/>\n<meta property=\"article:publisher\" content=\"https:\/\/www.facebook.com\/FleshtronicBand\" \/>\n<meta property=\"article:modified_time\" content=\"2021-09-18T14:20:58+00:00\" \/>\n<meta property=\"og:image\" content=\"https:\/\/fleshtronic.com\/wp-content\/uploads\/2020\/09\/Fire-flames-1-1-scaled.jpg\" \/>\n\t<meta property=\"og:image:width\" content=\"2560\" \/>\n\t<meta property=\"og:image:height\" content=\"1536\" \/>\n\t<meta property=\"og:image:type\" content=\"image\/jpeg\" \/>\n<meta name=\"twitter:card\" content=\"summary_large_image\" \/>\n<meta name=\"twitter:label1\" content=\"Gesch\u00e4tzte Lesezeit\" \/>\n\t<meta name=\"twitter:data1\" content=\"2\u00a0Minuten\" \/>\n<script type=\"application\/ld+json\" class=\"yoast-schema-graph\">{\"@context\":\"https:\\\/\\\/schema.org\",\"@graph\":[{\"@type\":\"WebPage\",\"@id\":\"https:\\\/\\\/fleshtronic.com\\\/?page_id=9\",\"url\":\"https:\\\/\\\/fleshtronic.com\\\/?page_id=9\",\"name\":\"\u00dcber uns -\",\"isPartOf\":{\"@id\":\"https:\\\/\\\/fleshtronic.com\\\/#website\"},\"primaryImageOfPage\":{\"@id\":\"https:\\\/\\\/fleshtronic.com\\\/?page_id=9#primaryimage\"},\"image\":{\"@id\":\"https:\\\/\\\/fleshtronic.com\\\/?page_id=9#primaryimage\"},\"thumbnailUrl\":\"https:\\\/\\\/i0.wp.com\\\/fleshtronic.com\\\/wp-content\\\/uploads\\\/2020\\\/09\\\/Fire-flames-1-1-scaled.jpg?fit=2560%2C1536&ssl=1\",\"datePublished\":\"2020-09-12T08:08:59+00:00\",\"dateModified\":\"2021-09-18T14:20:58+00:00\",\"description\":\"MusikProjekt aus Aachen und D\u00fcren. synthie pop mit ein wenig flair f\u00fcr die 80er Jahre mit Sounds von Heute.\",\"breadcrumb\":{\"@id\":\"https:\\\/\\\/fleshtronic.com\\\/?page_id=9#breadcrumb\"},\"inLanguage\":\"de\",\"potentialAction\":[{\"@type\":\"ReadAction\",\"target\":[\"https:\\\/\\\/fleshtronic.com\\\/?page_id=9\"]}]},{\"@type\":\"ImageObject\",\"inLanguage\":\"de\",\"@id\":\"https:\\\/\\\/fleshtronic.com\\\/?page_id=9#primaryimage\",\"url\":\"https:\\\/\\\/i0.wp.com\\\/fleshtronic.com\\\/wp-content\\\/uploads\\\/2020\\\/09\\\/Fire-flames-1-1-scaled.jpg?fit=2560%2C1536&ssl=1\",\"contentUrl\":\"https:\\\/\\\/i0.wp.com\\\/fleshtronic.com\\\/wp-content\\\/uploads\\\/2020\\\/09\\\/Fire-flames-1-1-scaled.jpg?fit=2560%2C1536&ssl=1\",\"width\":2560,\"height\":1536,\"caption\":\"dc559a50-3cb4-48df-988d-43914d526a9d\"},{\"@type\":\"BreadcrumbList\",\"@id\":\"https:\\\/\\\/fleshtronic.com\\\/?page_id=9#breadcrumb\",\"itemListElement\":[{\"@type\":\"ListItem\",\"position\":1,\"name\":\"Startseite\",\"item\":\"https:\\\/\\\/fleshtronic.com\\\/\"},{\"@type\":\"ListItem\",\"position\":2,\"name\":\"\u00dcber uns\"}]},{\"@type\":\"WebSite\",\"@id\":\"https:\\\/\\\/fleshtronic.com\\\/#website\",\"url\":\"https:\\\/\\\/fleshtronic.com\\\/\",\"name\":\"Fleshtronic\",\"description\":\"Musik Projekt aus D\u00fcren und Aachen\",\"publisher\":{\"@id\":\"https:\\\/\\\/fleshtronic.com\\\/#\\\/schema\\\/person\\\/41947391863f0cc952b84a05e39b063d\"},\"potentialAction\":[{\"@type\":\"SearchAction\",\"target\":{\"@type\":\"EntryPoint\",\"urlTemplate\":\"https:\\\/\\\/fleshtronic.com\\\/?s={search_term_string}\"},\"query-input\":{\"@type\":\"PropertyValueSpecification\",\"valueRequired\":true,\"valueName\":\"search_term_string\"}}],\"inLanguage\":\"de\"},{\"@type\":[\"Person\",\"Organization\"],\"@id\":\"https:\\\/\\\/fleshtronic.com\\\/#\\\/schema\\\/person\\\/41947391863f0cc952b84a05e39b063d\",\"name\":\"fleshtronic64\",\"image\":{\"@type\":\"ImageObject\",\"inLanguage\":\"de\",\"@id\":\"https:\\\/\\\/i0.wp.com\\\/fleshtronic.com\\\/wp-content\\\/uploads\\\/2024\\\/09\\\/cropped-Logo-1500x1500-1-3.png?fit=250%2C250&ssl=1\",\"url\":\"https:\\\/\\\/i0.wp.com\\\/fleshtronic.com\\\/wp-content\\\/uploads\\\/2024\\\/09\\\/cropped-Logo-1500x1500-1-3.png?fit=250%2C250&ssl=1\",\"contentUrl\":\"https:\\\/\\\/i0.wp.com\\\/fleshtronic.com\\\/wp-content\\\/uploads\\\/2024\\\/09\\\/cropped-Logo-1500x1500-1-3.png?fit=250%2C250&ssl=1\",\"width\":250,\"height\":250,\"caption\":\"fleshtronic64\"},\"logo\":{\"@id\":\"https:\\\/\\\/i0.wp.com\\\/fleshtronic.com\\\/wp-content\\\/uploads\\\/2024\\\/09\\\/cropped-Logo-1500x1500-1-3.png?fit=250%2C250&ssl=1\"},\"sameAs\":[\"https:\\\/\\\/fleshtronic.com\",\"https:\\\/\\\/www.facebook.com\\\/FleshtronicBand\",\"https:\\\/\\\/twitter.com\\\/fleshtronic1\",\"https:\\\/\\\/www.youtube.com\\\/channel\\\/UCcNnUzSbAd68jw6Bqb9HaIQ\",\"https:\\\/\\\/soundcloud.com\\\/fleshtronic\"]}]}<\/script>\n<!-- \/ Yoast SEO plugin. -->","yoast_head_json":{"title":"\u00dcber uns -","description":"MusikProjekt aus Aachen und D\u00fcren. synthie pop mit ein wenig flair f\u00fcr die 80er Jahre mit Sounds von Heute.","robots":{"index":"index","follow":"follow","max-snippet":"max-snippet:-1","max-image-preview":"max-image-preview:large","max-video-preview":"max-video-preview:-1"},"canonical":"https:\/\/fleshtronic.com\/?page_id=9","og_locale":"de_DE","og_type":"article","og_title":"\u00dcber uns -","og_description":"MusikProjekt aus Aachen und D\u00fcren. synthie pop mit ein wenig flair f\u00fcr die 80er Jahre mit Sounds von Heute.","og_url":"https:\/\/fleshtronic.com\/?page_id=9","article_publisher":"https:\/\/www.facebook.com\/FleshtronicBand","article_modified_time":"2021-09-18T14:20:58+00:00","og_image":[{"width":2560,"height":1536,"url":"https:\/\/fleshtronic.com\/wp-content\/uploads\/2020\/09\/Fire-flames-1-1-scaled.jpg","type":"image\/jpeg"}],"twitter_card":"summary_large_image","twitter_misc":{"Gesch\u00e4tzte Lesezeit":"2\u00a0Minuten"},"schema":{"@context":"https:\/\/schema.org","@graph":[{"@type":"WebPage","@id":"https:\/\/fleshtronic.com\/?page_id=9","url":"https:\/\/fleshtronic.com\/?page_id=9","name":"\u00dcber uns -","isPartOf":{"@id":"https:\/\/fleshtronic.com\/#website"},"primaryImageOfPage":{"@id":"https:\/\/fleshtronic.com\/?page_id=9#primaryimage"},"image":{"@id":"https:\/\/fleshtronic.com\/?page_id=9#primaryimage"},"thumbnailUrl":"https:\/\/i0.wp.com\/fleshtronic.com\/wp-content\/uploads\/2020\/09\/Fire-flames-1-1-scaled.jpg?fit=2560%2C1536&ssl=1","datePublished":"2020-09-12T08:08:59+00:00","dateModified":"2021-09-18T14:20:58+00:00","description":"MusikProjekt aus Aachen und D\u00fcren. synthie pop mit ein wenig flair f\u00fcr die 80er Jahre mit Sounds von Heute.","breadcrumb":{"@id":"https:\/\/fleshtronic.com\/?page_id=9#breadcrumb"},"inLanguage":"de","potentialAction":[{"@type":"ReadAction","target":["https:\/\/fleshtronic.com\/?page_id=9"]}]},{"@type":"ImageObject","inLanguage":"de","@id":"https:\/\/fleshtronic.com\/?page_id=9#primaryimage","url":"https:\/\/i0.wp.com\/fleshtronic.com\/wp-content\/uploads\/2020\/09\/Fire-flames-1-1-scaled.jpg?fit=2560%2C1536&ssl=1","contentUrl":"https:\/\/i0.wp.com\/fleshtronic.com\/wp-content\/uploads\/2020\/09\/Fire-flames-1-1-scaled.jpg?fit=2560%2C1536&ssl=1","width":2560,"height":1536,"caption":"dc559a50-3cb4-48df-988d-43914d526a9d"},{"@type":"BreadcrumbList","@id":"https:\/\/fleshtronic.com\/?page_id=9#breadcrumb","itemListElement":[{"@type":"ListItem","position":1,"name":"Startseite","item":"https:\/\/fleshtronic.com\/"},{"@type":"ListItem","position":2,"name":"\u00dcber uns"}]},{"@type":"WebSite","@id":"https:\/\/fleshtronic.com\/#website","url":"https:\/\/fleshtronic.com\/","name":"Fleshtronic","description":"Musik Projekt aus D\u00fcren und Aachen","publisher":{"@id":"https:\/\/fleshtronic.com\/#\/schema\/person\/41947391863f0cc952b84a05e39b063d"},"potentialAction":[{"@type":"SearchAction","target":{"@type":"EntryPoint","urlTemplate":"https:\/\/fleshtronic.com\/?s={search_term_string}"},"query-input":{"@type":"PropertyValueSpecification","valueRequired":true,"valueName":"search_term_string"}}],"inLanguage":"de"},{"@type":["Person","Organization"],"@id":"https:\/\/fleshtronic.com\/#\/schema\/person\/41947391863f0cc952b84a05e39b063d","name":"fleshtronic64","image":{"@type":"ImageObject","inLanguage":"de","@id":"https:\/\/i0.wp.com\/fleshtronic.com\/wp-content\/uploads\/2024\/09\/cropped-Logo-1500x1500-1-3.png?fit=250%2C250&ssl=1","url":"https:\/\/i0.wp.com\/fleshtronic.com\/wp-content\/uploads\/2024\/09\/cropped-Logo-1500x1500-1-3.png?fit=250%2C250&ssl=1","contentUrl":"https:\/\/i0.wp.com\/fleshtronic.com\/wp-content\/uploads\/2024\/09\/cropped-Logo-1500x1500-1-3.png?fit=250%2C250&ssl=1","width":250,"height":250,"caption":"fleshtronic64"},"logo":{"@id":"https:\/\/i0.wp.com\/fleshtronic.com\/wp-content\/uploads\/2024\/09\/cropped-Logo-1500x1500-1-3.png?fit=250%2C250&ssl=1"},"sameAs":["https:\/\/fleshtronic.com","https:\/\/www.facebook.com\/FleshtronicBand","https:\/\/twitter.com\/fleshtronic1","https:\/\/www.youtube.com\/channel\/UCcNnUzSbAd68jw6Bqb9HaIQ","https:\/\/soundcloud.com\/fleshtronic"]}]}},"jetpack_sharing_enabled":true,"_links":{"self":[{"href":"https:\/\/fleshtronic.com\/index.php?rest_route=\/wp\/v2\/pages\/9","targetHints":{"allow":["GET"]}}],"collection":[{"href":"https:\/\/fleshtronic.com\/index.php?rest_route=\/wp\/v2\/pages"}],"about":[{"href":"https:\/\/fleshtronic.com\/index.php?rest_route=\/wp\/v2\/types\/page"}],"author":[{"embeddable":true,"href":"https:\/\/fleshtronic.com\/index.php?rest_route=\/wp\/v2\/users\/1"}],"replies":[{"embeddable":true,"href":"https:\/\/fleshtronic.com\/index.php?rest_route=%2Fwp%2Fv2%2Fcomments&post=9"}],"version-history":[{"count":44,"href":"https:\/\/fleshtronic.com\/index.php?rest_route=\/wp\/v2\/pages\/9\/revisions"}],"predecessor-version":[{"id":1223,"href":"https:\/\/fleshtronic.com\/index.php?rest_route=\/wp\/v2\/pages\/9\/revisions\/1223"}],"wp:featuredmedia":[{"embeddable":true,"href":"https:\/\/fleshtronic.com\/index.php?rest_route=\/wp\/v2\/media\/36"}],"wp:attachment":[{"href":"https:\/\/fleshtronic.com\/index.php?rest_route=%2Fwp%2Fv2%2Fmedia&parent=9"}],"curies":[{"name":"wp","href":"https:\/\/api.w.org\/{rel}","templated":true}]}}